{"id":134,"date":"2017-06-28T11:47:09","date_gmt":"2017-06-28T09:47:09","guid":{"rendered":"http:\/\/www.adrianlonsdale.de\/?page_id=134"},"modified":"2025-08-01T10:47:42","modified_gmt":"2025-08-01T08:47:42","slug":"training","status":"publish","type":"page","link":"https:\/\/adrianlonsdale.de\/?page_id=134","title":{"rendered":"Training"},"content":{"rendered":"<p>[et_pb_section fb_built=&#8220;1&#8243; disabled_on=&#8220;||on&#8220; admin_label=&#8220;Sektion&#8220; _builder_version=&#8220;3.0.51&#8243; background_color=&#8220;#dd052a&#8220; custom_padding=&#8220;0px||0px|&#8220; global_module=&#8220;350&#8243; global_colors_info=&#8220;{}&#8220;][et_pb_row admin_label=&#8220;Zeile&#8220; _builder_version=&#8220;4.16&#8243; background_size=&#8220;initial&#8220; background_position=&#8220;top_left&#8220; background_repeat=&#8220;repeat&#8220; global_colors_info=&#8220;{}&#8220;][et_pb_column type=&#8220;4_4&#8243; _builder_version=&#8220;4.16&#8243; custom_padding=&#8220;|||&#8220; global_colors_info=&#8220;{}&#8220; custom_padding__hover=&#8220;|||&#8220;][et_pb_text admin_label=&#8220;Text&#8220; _builder_version=&#8220;4.16&#8243; border_style=&#8220;solid&#8220; global_colors_info=&#8220;{}&#8220;]<\/p>\n<h6 style=\"text-align: center;\">Adrian Lonsdale &#8211; Independent Business English Trainer<\/h6>\n<p>[\/et_pb_text][\/et_pb_column][\/et_pb_row][\/et_pb_section][et_pb_section fb_built=&#8220;1&#8243; fullwidth=&#8220;on&#8220; admin_label=&#8220;Sektion&#8220; _builder_version=&#8220;4.16&#8243; background_color=&#8220;#004187&#8243; global_colors_info=&#8220;{}&#8220;][et_pb_fullwidth_header title=&#8220;Training&#8220; text_orientation=&#8220;center&#8220; content_max_width=&#8220;none&#8220; title_font_color=&#8220;#ffffff&#8220; admin_label=&#8220;Vollbreite Kopfzeile&#8220; _builder_version=&#8220;4.16&#8243; title_font=&#8220;Roboto||||&#8220; title_text_color=&#8220;#ffffff&#8220; background_color=&#8220;rgba(255, 255, 255, 0)&#8220; background_layout=&#8220;light&#8220; global_colors_info=&#8220;{}&#8220; button_one_text_size__hover_enabled=&#8220;off&#8220; button_two_text_size__hover_enabled=&#8220;off&#8220; button_one_text_color__hover_enabled=&#8220;off&#8220; button_two_text_color__hover_enabled=&#8220;off&#8220; button_one_border_width__hover_enabled=&#8220;off&#8220; button_two_border_width__hover_enabled=&#8220;off&#8220; button_one_border_color__hover_enabled=&#8220;off&#8220; button_two_border_color__hover_enabled=&#8220;off&#8220; button_one_border_radius__hover_enabled=&#8220;off&#8220; button_two_border_radius__hover_enabled=&#8220;off&#8220; button_one_letter_spacing__hover_enabled=&#8220;off&#8220; button_two_letter_spacing__hover_enabled=&#8220;off&#8220; button_one_bg_color__hover_enabled=&#8220;off&#8220; button_two_bg_color__hover_enabled=&#8220;off&#8220;][\/et_pb_fullwidth_header][\/et_pb_section][et_pb_section fb_built=&#8220;1&#8243; admin_label=&#8220;Sektion&#8220; _builder_version=&#8220;4.16&#8243; global_colors_info=&#8220;{}&#8220;][et_pb_row admin_label=&#8220;Zeile&#8220; _builder_version=&#8220;4.16&#8243; background_size=&#8220;initial&#8220; background_position=&#8220;top_left&#8220; background_repeat=&#8220;repeat&#8220; custom_padding=&#8220;20px|0px|27px|0px&#8220; global_colors_info=&#8220;{}&#8220;][et_pb_column type=&#8220;4_4&#8243; _builder_version=&#8220;4.16&#8243; custom_padding=&#8220;|||&#8220; global_colors_info=&#8220;{}&#8220; custom_padding__hover=&#8220;|||&#8220;][et_pb_text admin_label=&#8220;Text&#8220; _builder_version=&#8220;4.16&#8243; saved_tabs=&#8220;all&#8220; global_colors_info=&#8220;{}&#8220;]<\/p>\n<h4 style=\"background-color: #ffffff;\"><b style=\"font-size: 26px;\">Englisch-Training<\/b><\/h4>\n<p><\/p>\n<h4 style=\"background-color: #ffffff;\"><b style=\"font-size: 26px;\">ganz pers\u00f6nlich<\/b><\/h4>\n<p><a href=\"http:\/\/www.adrianlonsdale.de\/wp-content\/uploads\/2017\/06\/AL_Headunderline.jpg\"><img loading=\"lazy\" decoding=\"async\" class=\"alignnone size-full wp-image-101\" src=\"http:\/\/www.adrianlonsdale.de\/wp-content\/uploads\/2017\/06\/AL_Headunderline.jpg\" alt=\"\" width=\"60\" height=\"3\" \/><\/a><\/p>\n<p>[\/et_pb_text][et_pb_text admin_label=&#8220;Text&#8220; _builder_version=&#8220;4.16&#8243; global_colors_info=&#8220;{}&#8220;]<\/p>\n<h3><b>Nichts ist wohl so individuell wie das Erlernen, Trainieren und Verwenden einer fremden Sprache: Jeder Mensch hat da seine ganz eigenen biografischen und sprachlichen Voraussetzungen, Vorkenntnisse, Erfahrungen. Ebenso stark unterscheiden sich Erwartungen, Ambitionen und Motivationen. Dazu kommen dann noch h\u00f6chst unterschiedliche \u00e4u\u00dfere Bedingungen: Wieviel Zeit steht zum Lernen und Trainieren \u00fcberhaupt zur Verf\u00fcgung? Und wann und wo?<\/b><\/h3>\n<p>[\/et_pb_text][\/et_pb_column][\/et_pb_row][et_pb_row admin_label=&#8220;Zeile&#8220; _builder_version=&#8220;4.16&#8243; background_size=&#8220;initial&#8220; background_position=&#8220;top_left&#8220; background_repeat=&#8220;repeat&#8220; global_colors_info=&#8220;{}&#8220; column_structure=&#8220;1_2,1_2&#8243;][et_pb_column type=&#8220;1_2&#8243; _builder_version=&#8220;4.16&#8243; custom_padding=&#8220;|||&#8220; global_colors_info=&#8220;{}&#8220; custom_padding__hover=&#8220;|||&#8220;][et_pb_text admin_label=&#8220;Text&#8220; _builder_version=&#8220;4.16&#8243; global_colors_info=&#8220;{}&#8220;]<\/p>\n<p>In herk\u00f6mmlichen, schulisch organisierten Sprachkursen wird auf diese Vielfalt keine R\u00fccksicht genommen: Der Lehrplan steht ebenso unverr\u00fcckbar fest wie Unterrichtszeiten und -orte.<\/p>\n<p>Ganz anders bei meinem individuellen auf Ihre pers\u00f6nlichen Bed\u00fcrfnisse zugeschnittenen Englisch-Training: Hier gibt es kein starres Korsett, sondern von Anfang entscheiden Sie selbst, was, wann, wie und wo trainiert wird.<\/p>\n<p>[\/et_pb_text][\/et_pb_column][et_pb_column type=&#8220;1_2&#8243; _builder_version=&#8220;4.16&#8243; custom_padding=&#8220;|||&#8220; global_colors_info=&#8220;{}&#8220; custom_padding__hover=&#8220;|||&#8220;][et_pb_image src=&#8220;http:\/\/www.adrianlonsdale.de\/wp-content\/uploads\/2017\/06\/01_Business-Englisch-Training.jpg&#8220; align_tablet=&#8220;center&#8220; align_last_edited=&#8220;on|desktop&#8220; admin_label=&#8220;Bild&#8220; _builder_version=&#8220;4.16&#8243; animation=&#8220;off&#8220; global_colors_info=&#8220;{}&#8220; align_phone=&#8220;center&#8220;][\/et_pb_image][\/et_pb_column][\/et_pb_row][et_pb_row admin_label=&#8220;Zeile&#8220; _builder_version=&#8220;4.16&#8243; background_size=&#8220;initial&#8220; background_position=&#8220;top_left&#8220; background_repeat=&#8220;repeat&#8220; global_colors_info=&#8220;{}&#8220;][et_pb_column type=&#8220;4_4&#8243; _builder_version=&#8220;4.16&#8243; custom_padding=&#8220;|||&#8220; global_colors_info=&#8220;{}&#8220; custom_padding__hover=&#8220;|||&#8220;][et_pb_accordion open_toggle_background_color=&#8220;#f3f6f7&#8243; closed_toggle_background_color=&#8220;#f3f6f7&#8243; icon_color=&#8220;#dd052a&#8220; admin_label=&#8220;Akkordeon&#8220; _builder_version=&#8220;4.16&#8243; border_width_all=&#8220;0px&#8220; border_color_all=&#8220;#d9d9d9&#8243; border_style_all=&#8220;solid&#8220; use_border_color=&#8220;on&#8220; border_width=&#8220;0px&#8220; global_colors_info=&#8220;{}&#8220;][et_pb_accordion_item title=&#8220;Das Konzept: hundertprozentig individualisiertes und flexibles Lernen&#8220; open=&#8220;on&#8220; _builder_version=&#8220;4.16&#8243; background_size=&#8220;initial&#8220; background_position=&#8220;top_left&#8220; background_repeat=&#8220;repeat&#8220; global_colors_info=&#8220;{}&#8220;]<\/p>\n<p class=\"\"><span style=\"font-size: 20px;\">Denn die beste Antwort auf die Vielfalt der Anforderungen gerade beim Englischlernen ist: Ein Angebot, das ebenso stark differenziert, das perfekt und ganz individuell auf jeden einzelnen Lernenden zugeschnitten ist.<\/span><\/p>\n<p>Ganz gleich, ob Sie im allt\u00e4glichen Sprechen sicherer und selbstbewusster werden wollen, ob Sie in Business-Verhandlungen pr\u00e4zise, differenziert und nuanciert argumentieren, einwenden und nachhaken m\u00f6chten oder ob Sie sich f\u00fcr Ihre schriftliche Kommunikation im Englischen Unterst\u00fctzung w\u00fcnschen: Den \u201eLehrplan\u201c Ihres individuellen Englisch-Trainings bestimmen allein Sie.<\/p>\n<p>[\/et_pb_accordion_item][et_pb_accordion_item title=&#8220;Anwendungs- und Praxisbezug sind fest integriert&#8220; _builder_version=&#8220;4.16&#8243; background_size=&#8220;initial&#8220; background_position=&#8220;top_left&#8220; background_repeat=&#8220;repeat&#8220; global_colors_info=&#8220;{}&#8220; open=&#8220;off&#8220;]<\/p>\n<p>Ma\u00dfgeblich sind Ihr schon vorhandener sprachlicher Stand, Ihre besonderen Interessen und speziellen Wunsch-Kommunikationssituationen.<\/p>\n<p>So trainieren Sie ganz gezielt f\u00fcr das, was Sie tats\u00e4chlich wollen und brauchen, um Ihre kommunikativen Ziele erfolgreich zu erreichen.<\/p>\n<p>[\/et_pb_accordion_item][et_pb_accordion_item title=&#8220;Effektives Lernen und \u00dcben \u2013 allein oder in Kleingruppen&#8220; _builder_version=&#8220;4.16&#8243; background_size=&#8220;initial&#8220; background_position=&#8220;top_left&#8220; background_repeat=&#8220;repeat&#8220; global_colors_info=&#8220;{}&#8220; open=&#8220;off&#8220;]<\/p>\n<p>An realen Sprech- und Verhandlungssituationen ausgerichtet, lernen Sie nicht nur weit schneller, sondern werden auch ganz direkt profitieren \u2013 was die Motivation steigert und das Gelernte weiter festigt.<\/p>\n<p>Deshalb biete ich mein pers\u00f6nliches Englisch-Training ausschlie\u00dflich als Einzeltraining oder f\u00fcr Kleingruppen mit maximal 5 \u2013 6 Teilnehmern an.\u00a0Nur so kann ich meinem Versprechen nachkommen, Ihr Training ganz individuell auf Sie zuzuschneiden, damit Sie schnell Erfolge sehen.<\/p>\n<p>[\/et_pb_accordion_item][et_pb_accordion_item title=&#8220;Und wie flexibel ist der Rahmen?&#8220; _builder_version=&#8220;4.16&#8243; background_size=&#8220;initial&#8220; background_position=&#8220;top_left&#8220; background_repeat=&#8220;repeat&#8220; global_colors_info=&#8220;{}&#8220; open=&#8220;off&#8220;]<\/p>\n<p class=\"\"><span style=\"font-size: 20px;\">Antwort: maximal! Denn Sie k\u00f6nnen mit mir (fast) jede Trainingszeit vereinbaren. Und was den Ort anbelangt: Ich komme auch gern zu Ihnen in die Firma (Frankfurt, Wiesbaden, Gie\u00dfen, Bad Homburg, Rhein-Main, Hochtaunus, Wetteraukreis). Oder wir f\u00fchren einfach ein Online-Training durch.<\/span><\/p>\n<p>So genie\u00dfen Sie das Privileg, praktisch \u00fcber Ihren pers\u00f6nlichen Englisch-Coach zu verf\u00fcgen und v\u00f6llig individuell zu lernen und zu \u00fcben.<\/p>\n<p>Probieren Sie es aus \u2013 nehmen Sie einfach Kontakt auf!<\/p>\n<p><\/p>\n<p>[\/et_pb_accordion_item][\/et_pb_accordion][\/et_pb_column][\/et_pb_row][\/et_pb_section][et_pb_section fb_built=&#8220;1&#8243; disabled_on=&#8220;on|on|off&#8220; admin_label=&#8220;Sektion&#8220; _builder_version=&#8220;4.16&#8243; background_color=&#8220;#f3f6f7&#8243; global_colors_info=&#8220;{}&#8220;][et_pb_row admin_label=&#8220;Zeile&#8220; _builder_version=&#8220;4.16&#8243; background_size=&#8220;initial&#8220; background_position=&#8220;top_left&#8220; background_repeat=&#8220;repeat&#8220; global_colors_info=&#8220;{}&#8220;][et_pb_column type=&#8220;4_4&#8243; _builder_version=&#8220;4.16&#8243; custom_padding=&#8220;|||&#8220; global_colors_info=&#8220;{}&#8220; custom_padding__hover=&#8220;|||&#8220;][et_pb_text admin_label=&#8220;Text&#8220; _builder_version=&#8220;4.16&#8243; saved_tabs=&#8220;all&#8220; global_colors_info=&#8220;{}&#8220;]<\/p>\n<h4><b>Schritt f\u00fcr Schritt<br \/>\nzum Erfolg<br \/>\n<a href=\"http:\/\/www.adrianlonsdale.de\/wp-content\/uploads\/2017\/06\/AL_Headunderline.jpg\"><img loading=\"lazy\" decoding=\"async\" class=\"alignnone size-full wp-image-101\" src=\"http:\/\/www.adrianlonsdale.de\/wp-content\/uploads\/2017\/06\/AL_Headunderline.jpg\" alt=\"\" width=\"60\" height=\"3\" \/><\/a><br \/>\n<\/b><\/h4>\n<p>[\/et_pb_text][\/et_pb_column][\/et_pb_row][et_pb_row admin_label=&#8220;Zeile&#8220; _builder_version=&#8220;4.16&#8243; background_size=&#8220;initial&#8220; background_position=&#8220;top_left&#8220; background_repeat=&#8220;repeat&#8220; global_colors_info=&#8220;{}&#8220; column_structure=&#8220;1_3,1_3,1_3&#8243;][et_pb_column type=&#8220;1_3&#8243; _builder_version=&#8220;4.16&#8243; custom_padding=&#8220;|||&#8220; global_colors_info=&#8220;{}&#8220; custom_padding__hover=&#8220;|||&#8220;][et_pb_text admin_label=&#8220;Text&#8220; _builder_version=&#8220;4.16&#8243; background_color=&#8220;#ffffff&#8220; custom_css_main_element=&#8220;height: 270px;&#8220; border_width_all=&#8220;10px&#8220; border_color_all=&#8220;#ffffff&#8220; border_style_all=&#8220;solid&#8220; use_border_color=&#8220;on&#8220; border_width=&#8220;10px&#8220; global_colors_info=&#8220;{}&#8220;]<\/p>\n<h1>1<\/h1>\n<p>Ich biete Ihnen im ersten Schritt ein unverbindliches Kennenlern-Gespr\u00e4ch bei \u00adIhnen im Haus an. Gern auf Englisch und mit einer sch\u00f6nen Tasse Black Coffee \ud83d\ude09<\/p>\n<p>[\/et_pb_text][et_pb_text admin_label=&#8220;Text&#8220; _builder_version=&#8220;4.16&#8243; background_color=&#8220;#ffffff&#8220; custom_css_main_element=&#8220;height: 270px;&#8220; border_width_all=&#8220;10px&#8220; border_color_all=&#8220;#ffffff&#8220; border_style_all=&#8220;solid&#8220; use_border_color=&#8220;on&#8220; border_width=&#8220;10px&#8220; global_colors_info=&#8220;{}&#8220;]<\/p>\n<h1>4<\/h1>\n<p>Auf Basis des Testergebnisses entwickle ich Ihr pers\u00f6nliches Trainingsprogramm, das ich mit Ihnen abstimme, bevor es richtig losgehen kann.<\/p>\n<p>[\/et_pb_text][et_pb_text admin_label=&#8220;Text&#8220; _builder_version=&#8220;4.16&#8243; background_color=&#8220;#ffffff&#8220; custom_css_main_element=&#8220;height: 270px;&#8220; border_width_all=&#8220;10px&#8220; border_color_all=&#8220;#ffffff&#8220; border_style_all=&#8220;solid&#8220; use_border_color=&#8220;on&#8220; border_width=&#8220;10px&#8220; global_colors_info=&#8220;{}&#8220;]<\/p>\n<h1>7<\/h1>\n<p>Ich verwende unterrichtsbegleitendes Material, das zeitgem\u00e4\u00df ist und nach meinen Erfahrungen den individuell besten Lernfortschritt bringt (kein Standardmaterial).<\/p>\n<p>[\/et_pb_text][\/et_pb_column][et_pb_column type=&#8220;1_3&#8243; _builder_version=&#8220;4.16&#8243; custom_padding=&#8220;|||&#8220; global_colors_info=&#8220;{}&#8220; custom_padding__hover=&#8220;|||&#8220;][et_pb_text admin_label=&#8220;Text&#8220; _builder_version=&#8220;4.16&#8243; background_color=&#8220;#ffffff&#8220; custom_css_main_element=&#8220;height: 270px;&#8220; border_width_all=&#8220;10px&#8220; border_color_all=&#8220;#ffffff&#8220; border_style_all=&#8220;solid&#8220; use_border_color=&#8220;on&#8220; border_width=&#8220;10px&#8220; global_colors_info=&#8220;{}&#8220;]<\/p>\n<h1>2<\/h1>\n<p>So kann ich mir gleich ein besseres Bild von Ihrem beruflichen Umfeld machen und lerne Ihre W\u00fcnsche und Ziele kennen.<\/p>\n<p>[\/et_pb_text][et_pb_text admin_label=&#8220;Text&#8220; _builder_version=&#8220;4.16&#8243; background_color=&#8220;#ffffff&#8220; custom_css_main_element=&#8220;height: 270px;&#8220; border_width_all=&#8220;10px&#8220; border_color_all=&#8220;#ffffff&#8220; border_style_all=&#8220;solid&#8220; use_border_color=&#8220;on&#8220; border_width=&#8220;10px&#8220; global_colors_info=&#8220;{}&#8220;]<\/p>\n<h1>5<\/h1>\n<p>F\u00fcrs Online-Training biete ich ein unverbindliches Probetraining an.<\/p>\n<p>[\/et_pb_text][et_pb_text admin_label=&#8220;Text&#8220; _builder_version=&#8220;4.16&#8243; background_color=&#8220;#ffffff&#8220; custom_css_main_element=&#8220;height: 270px;&#8220; border_width_all=&#8220;10px&#8220; border_color_all=&#8220;#ffffff&#8220; border_style_all=&#8220;solid&#8220; use_border_color=&#8220;on&#8220; border_width=&#8220;10px&#8220; global_colors_info=&#8220;{}&#8220;]<\/p>\n<h1>8<\/h1>\n<p>Schriftliche Erfolgskontrollen k\u00f6nnen in zeitlich frei w\u00e4hlbaren Abst\u00e4nden vereinbart und durchgef\u00fchrt werden.<\/p>\n<p>[\/et_pb_text][\/et_pb_column][et_pb_column type=&#8220;1_3&#8243; _builder_version=&#8220;4.16&#8243; custom_padding=&#8220;|||&#8220; global_colors_info=&#8220;{}&#8220; custom_padding__hover=&#8220;|||&#8220;][et_pb_text admin_label=&#8220;Text&#8220; _builder_version=&#8220;4.16&#8243; background_color=&#8220;#ffffff&#8220; custom_css_main_element=&#8220;height: 270px;&#8220; border_width_all=&#8220;10px&#8220; border_color_all=&#8220;#ffffff&#8220; border_style_all=&#8220;solid&#8220; use_border_color=&#8220;on&#8220; border_width=&#8220;10px&#8220; global_colors_info=&#8220;{}&#8220;]<\/p>\n<h1>3<\/h1>\n<p>Anhand einer Sprachanalyse ermittle ich Ihren aktuellen Sprachstand (Dauer ca. 30 Minuten)<\/p>\n<p>[\/et_pb_text][et_pb_text admin_label=&#8220;Text&#8220; _builder_version=&#8220;4.16&#8243; background_color=&#8220;#ffffff&#8220; custom_css_main_element=&#8220;height: 270px;&#8220; border_width_all=&#8220;10px&#8220; border_color_all=&#8220;#ffffff&#8220; border_style_all=&#8220;solid&#8220; use_border_color=&#8220;on&#8220; border_width=&#8220;10px&#8220; global_colors_info=&#8220;{}&#8220;]<\/p>\n<h1>6<\/h1>\n<p>Bei Kleingruppen achte ich darauf, dass sich der Leistungsstand der Teilnehmer auf \u00e4hnlichem Niveau bewegt. Dies unterst\u00fctzt erfahrungsgem\u00e4\u00df die Motivation jedes Einzelnen.<\/p>\n<p>[\/et_pb_text][et_pb_text admin_label=&#8220;Text&#8220; _builder_version=&#8220;4.16&#8243; background_color=&#8220;#ffffff&#8220; custom_css_main_element=&#8220;height: 270px;&#8220; border_width_all=&#8220;10px&#8220; border_color_all=&#8220;#ffffff&#8220; border_style_all=&#8220;solid&#8220; use_border_color=&#8220;on&#8220; border_width=&#8220;10px&#8220; global_colors_info=&#8220;{}&#8220;]<\/p>\n<h1>9<\/h1>\n<p>Ihr offenes und ehrliches Feedback ist mir jederzeit willkommen! Denn so k\u00f6nnen wir das Training jederzeit anpassen und optimieren, um Ihren pers\u00f6nlichen Lernerfolg zu maximieren.<\/p>\n<p>[\/et_pb_text][\/et_pb_column][\/et_pb_row][\/et_pb_section][et_pb_section fb_built=&#8220;1&#8243; disabled_on=&#8220;off|off|on&#8220; admin_label=&#8220;Sektion&#8220; _builder_version=&#8220;4.16&#8243; background_color=&#8220;#f3f6f7&#8243; global_colors_info=&#8220;{}&#8220;][et_pb_row admin_label=&#8220;Zeile&#8220; _builder_version=&#8220;4.16&#8243; background_size=&#8220;initial&#8220; background_position=&#8220;top_left&#8220; background_repeat=&#8220;repeat&#8220; global_colors_info=&#8220;{}&#8220;][et_pb_column type=&#8220;4_4&#8243; _builder_version=&#8220;4.16&#8243; custom_padding=&#8220;|||&#8220; global_colors_info=&#8220;{}&#8220; custom_padding__hover=&#8220;|||&#8220;][et_pb_text admin_label=&#8220;Text&#8220; _builder_version=&#8220;4.16&#8243; saved_tabs=&#8220;all&#8220; global_colors_info=&#8220;{}&#8220;]<\/p>\n<h4><b>Schritt f\u00fcr Schritt<br \/>\nzum Erfolg<br \/>\n<a href=\"http:\/\/www.adrianlonsdale.de\/wp-content\/uploads\/2017\/06\/AL_Headunderline.jpg\"><img loading=\"lazy\" decoding=\"async\" class=\"alignnone size-full wp-image-101\" src=\"http:\/\/www.adrianlonsdale.de\/wp-content\/uploads\/2017\/06\/AL_Headunderline.jpg\" alt=\"\" width=\"60\" height=\"3\" \/><\/a><br \/>\n<\/b><\/h4>\n<p>[\/et_pb_text][\/et_pb_column][\/et_pb_row][et_pb_row admin_label=&#8220;Zeile&#8220; _builder_version=&#8220;4.27.4&#8243; background_size=&#8220;initial&#8220; background_position=&#8220;top_left&#8220; background_repeat=&#8220;repeat&#8220; hover_enabled=&#8220;0&#8243; global_colors_info=&#8220;{}&#8220; sticky_enabled=&#8220;0&#8243;][et_pb_column type=&#8220;4_4&#8243; _builder_version=&#8220;4.16&#8243; custom_padding=&#8220;|||&#8220; global_colors_info=&#8220;{}&#8220; custom_padding__hover=&#8220;|||&#8220;][et_pb_text admin_label=&#8220;Text&#8220; _builder_version=&#8220;4.16&#8243; background_color=&#8220;#ffffff&#8220; custom_css_main_element=&#8220;height: 270px;&#8220; border_width_all=&#8220;10px&#8220; border_color_all=&#8220;#ffffff&#8220; border_style_all=&#8220;solid&#8220; use_border_color=&#8220;on&#8220; border_width=&#8220;10px&#8220; global_colors_info=&#8220;{}&#8220;]<\/p>\n<h1>1<\/h1>\n<p>Ich biete Ihnen im ersten Schritt ein unverbindliches Kennenlern-Gespr\u00e4ch bei \u00adIhnen im Haus an. Gern auf Englisch und mit einer sch\u00f6nen Tasse Black Coffee \ud83d\ude09<\/p>\n<p>[\/et_pb_text][et_pb_text admin_label=&#8220;Text&#8220; _builder_version=&#8220;4.16&#8243; background_color=&#8220;#ffffff&#8220; custom_css_main_element=&#8220;height: 270px;&#8220; border_width_all=&#8220;10px&#8220; border_color_all=&#8220;#ffffff&#8220; border_style_all=&#8220;solid&#8220; use_border_color=&#8220;on&#8220; border_width=&#8220;10px&#8220; global_colors_info=&#8220;{}&#8220;]<\/p>\n<h1>2<\/h1>\n<p>So kann ich mir gleich ein besseres Bild von Ihrem beruflichen Umfeld machen und lerne Ihre W\u00fcnsche und Ziele kennen.<\/p>\n<p>[\/et_pb_text][et_pb_text admin_label=&#8220;Text&#8220; _builder_version=&#8220;4.16&#8243; background_color=&#8220;#ffffff&#8220; custom_css_main_element=&#8220;height: 270px;&#8220; border_width_all=&#8220;10px&#8220; border_color_all=&#8220;#ffffff&#8220; border_style_all=&#8220;solid&#8220; use_border_color=&#8220;on&#8220; border_width=&#8220;10px&#8220; global_colors_info=&#8220;{}&#8220;]<\/p>\n<h1>3<\/h1>\n<p>Anhand einer Sprachanalyse ermittle ich Ihren aktuellen Sprachstand (Dauer ca. 30 Minuten)<\/p>\n<p>[\/et_pb_text][et_pb_text admin_label=&#8220;Text&#8220; _builder_version=&#8220;4.16&#8243; background_color=&#8220;#ffffff&#8220; custom_css_main_element=&#8220;height: 270px;&#8220; border_width_all=&#8220;10px&#8220; border_color_all=&#8220;#ffffff&#8220; border_style_all=&#8220;solid&#8220; use_border_color=&#8220;on&#8220; border_width=&#8220;10px&#8220; global_colors_info=&#8220;{}&#8220;]<\/p>\n<h1>4<\/h1>\n<p>Auf Basis des Testergebnisses entwickle ich Ihr pers\u00f6nliches Trainingsprogramm, das ich mit Ihnen abstimme, bevor es richtig losgehen kann.<\/p>\n<p>[\/et_pb_text][et_pb_text admin_label=&#8220;Text&#8220; _builder_version=&#8220;4.16&#8243; background_color=&#8220;#ffffff&#8220; custom_css_main_element=&#8220;height: 270px;&#8220; border_width_all=&#8220;10px&#8220; border_color_all=&#8220;#ffffff&#8220; border_style_all=&#8220;solid&#8220; use_border_color=&#8220;on&#8220; border_width=&#8220;10px&#8220; global_colors_info=&#8220;{}&#8220;]<\/p>\n<h1>5<\/h1>\n<p>F\u00fcrs Online-Training biete ich ein unverbindliches Probetraining an.<\/p>\n<p>[\/et_pb_text][et_pb_text admin_label=&#8220;Text&#8220; _builder_version=&#8220;4.16&#8243; background_color=&#8220;#ffffff&#8220; custom_css_main_element=&#8220;height: 270px;&#8220; border_width_all=&#8220;10px&#8220; border_color_all=&#8220;#ffffff&#8220; border_style_all=&#8220;solid&#8220; use_border_color=&#8220;on&#8220; border_width=&#8220;10px&#8220; global_colors_info=&#8220;{}&#8220;]<\/p>\n<h1>6<\/h1>\n<p>Bei Kleingruppen achte ich darauf, dass sich der Leistungsstand der Teilnehmer auf \u00e4hnlichem Niveau bewegt. Dies unterst\u00fctzt erfahrungsgem\u00e4\u00df die Motivation jedes Einzelnen.<\/p>\n<p>[\/et_pb_text][et_pb_text admin_label=&#8220;Text&#8220; _builder_version=&#8220;4.16&#8243; background_color=&#8220;#ffffff&#8220; custom_css_main_element=&#8220;height: 270px;&#8220; border_width_all=&#8220;10px&#8220; border_color_all=&#8220;#ffffff&#8220; border_style_all=&#8220;solid&#8220; use_border_color=&#8220;on&#8220; border_width=&#8220;10px&#8220; global_colors_info=&#8220;{}&#8220;]<\/p>\n<h1>7<\/h1>\n<p>Ich verwende unterrichtsbegleitendes Material, das zeitgem\u00e4\u00df ist und nach meinen Erfahrungen den individuell besten Lernfortschritt bringt (kein Standardmaterial).<\/p>\n<p>[\/et_pb_text][et_pb_text admin_label=&#8220;Text&#8220; _builder_version=&#8220;4.16&#8243; background_color=&#8220;#ffffff&#8220; custom_css_main_element=&#8220;height: 270px;&#8220; border_width_all=&#8220;10px&#8220; border_color_all=&#8220;#ffffff&#8220; border_style_all=&#8220;solid&#8220; use_border_color=&#8220;on&#8220; border_width=&#8220;10px&#8220; global_colors_info=&#8220;{}&#8220;]<\/p>\n<h1>8<\/h1>\n<p>Schriftliche Erfolgskontrollen k\u00f6nnen in zeitlich frei w\u00e4hlbaren Abst\u00e4nden vereinbart und durchgef\u00fchrt werden.<\/p>\n<p>[\/et_pb_text][et_pb_text admin_label=&#8220;Text&#8220; _builder_version=&#8220;4.16&#8243; background_color=&#8220;#ffffff&#8220; custom_css_main_element=&#8220;height: 270px;&#8220; border_width_all=&#8220;10px&#8220; border_color_all=&#8220;#ffffff&#8220; border_style_all=&#8220;solid&#8220; use_border_color=&#8220;on&#8220; border_width=&#8220;10px&#8220; global_colors_info=&#8220;{}&#8220;]<\/p>\n<h1>9<\/h1>\n<p>Ihr offenes und ehrliches Feedback ist mir jederzeit willkommen! Denn so k\u00f6nnen wir das Training jederzeit anpassen und optimieren, um Ihren pers\u00f6nlichen Lernerfolg zu maximieren.<\/p>\n<p>[\/et_pb_text][\/et_pb_column][\/et_pb_row][\/et_pb_section]<\/p>\n","protected":false},"excerpt":{"rendered":"<p>Adrian Lonsdale &#8211; Independent Business English TrainerEnglisch-Training ganz pers\u00f6nlich Nichts ist wohl so individuell wie das Erlernen, Trainieren und Verwenden einer fremden Sprache: Jeder Mensch hat da seine ganz eigenen biografischen und sprachlichen Voraussetzungen, Vorkenntnisse, Erfahrungen. Ebenso stark unterscheiden sich Erwartungen, Ambitionen und Motivationen. Dazu kommen dann noch h\u00f6chst unterschiedliche \u00e4u\u00dfere Bedingungen: Wieviel Zeit steht [&hellip;]<\/p>\n","protected":false},"author":1,"featured_media":0,"parent":0,"menu_order":0,"comment_status":"closed","ping_status":"closed","template":"","meta":{"_et_pb_use_builder":"on","_et_pb_old_content":"","_et_gb_content_width":"","footnotes":""},"class_list":["post-134","page","type-page","status-publish","hentry"],"_links":{"self":[{"href":"https:\/\/adrianlonsdale.de\/index.php?rest_route=\/wp\/v2\/pages\/134","targetHints":{"allow":["GET"]}}],"collection":[{"href":"https:\/\/adrianlonsdale.de\/index.php?rest_route=\/wp\/v2\/pages"}],"about":[{"href":"https:\/\/adrianlonsdale.de\/index.php?rest_route=\/wp\/v2\/types\/page"}],"author":[{"embeddable":true,"href":"https:\/\/adrianlonsdale.de\/index.php?rest_route=\/wp\/v2\/users\/1"}],"replies":[{"embeddable":true,"href":"https:\/\/adrianlonsdale.de\/index.php?rest_route=%2Fwp%2Fv2%2Fcomments&post=134"}],"version-history":[{"count":48,"href":"https:\/\/adrianlonsdale.de\/index.php?rest_route=\/wp\/v2\/pages\/134\/revisions"}],"predecessor-version":[{"id":485,"href":"https:\/\/adrianlonsdale.de\/index.php?rest_route=\/wp\/v2\/pages\/134\/revisions\/485"}],"wp:attachment":[{"href":"https:\/\/adrianlonsdale.de\/index.php?rest_route=%2Fwp%2Fv2%2Fmedia&parent=134"}],"curies":[{"name":"wp","href":"https:\/\/api.w.org\/{rel}","templated":true}]}}