{"id":157,"date":"2017-06-28T14:00:09","date_gmt":"2017-06-28T12:00:09","guid":{"rendered":"http:\/\/www.adrianlonsdale.de\/?page_id=157"},"modified":"2017-09-22T14:01:47","modified_gmt":"2017-09-22T12:01:47","slug":"ueber-mich","status":"publish","type":"page","link":"https:\/\/adrianlonsdale.de\/?page_id=157","title":{"rendered":"\u00dcber mich"},"content":{"rendered":"<p>[et_pb_section bb_built=&#8220;1&#8243; admin_label=&#8220;Sektion&#8220; fullwidth=&#8220;off&#8220; specialty=&#8220;off&#8220; _builder_version=&#8220;3.0.51&#8243; background_color=&#8220;#dd052a&#8220; custom_padding=&#8220;0px||0px|&#8220; disabled=&#8220;off&#8220; disabled_on=&#8220;||on&#8220; global_module=&#8220;350&#8243;][et_pb_row admin_label=&#8220;Zeile&#8220; global_parent=&#8220;350&#8243; background_position=&#8220;top_left&#8220; background_repeat=&#8220;repeat&#8220; background_size=&#8220;initial&#8220;][et_pb_column type=&#8220;4_4&#8243;][et_pb_text admin_label=&#8220;Text&#8220; global_parent=&#8220;350&#8243; _builder_version=&#8220;3.0.51&#8243; background_layout=&#8220;light&#8220; text_orientation=&#8220;left&#8220; border_style=&#8220;solid&#8220;]<\/p>\n<h6 style=\"text-align: center;\">Adrian Lonsdale &#8211; Independent Business English Trainer<\/h6>\n<p>[\/et_pb_text][\/et_pb_column][\/et_pb_row][\/et_pb_section][et_pb_section bb_built=&#8220;1&#8243; admin_label=&#8220;Sektion&#8220; fullwidth=&#8220;on&#8220; specialty=&#8220;off&#8220; _builder_version=&#8220;3.0.51&#8243; background_color=&#8220;#004187&#8243;][et_pb_fullwidth_header admin_label=&#8220;Vollbreite Kopfzeile&#8220; _builder_version=&#8220;3.0.51&#8243; title=&#8220;\u00dcber Mich&#8220; text_orientation=&#8220;center&#8220; header_fullscreen=&#8220;off&#8220; header_scroll_down=&#8220;off&#8220; image_orientation=&#8220;center&#8220; background_layout=&#8220;light&#8220; content_orientation=&#8220;center&#8220; title_font_color=&#8220;#ffffff&#8220; custom_button_one=&#8220;off&#8220; button_one_letter_spacing=&#8220;0&#8243; button_one_icon_placement=&#8220;right&#8220; button_one_letter_spacing_hover=&#8220;0&#8243; custom_button_two=&#8220;off&#8220; button_two_letter_spacing=&#8220;0&#8243; button_two_icon_placement=&#8220;right&#8220; button_two_letter_spacing_hover=&#8220;0&#8243; title_font=&#8220;Roboto||||&#8220; \/][\/et_pb_section][et_pb_section bb_built=&#8220;1&#8243; admin_label=&#8220;Sektion&#8220; fullwidth=&#8220;off&#8220; specialty=&#8220;off&#8220; _builder_version=&#8220;3.0.51&#8243;][et_pb_row admin_label=&#8220;Zeile&#8220; background_position=&#8220;top_left&#8220; background_repeat=&#8220;repeat&#8220; background_size=&#8220;initial&#8220;][et_pb_column type=&#8220;4_4&#8243;][et_pb_text admin_label=&#8220;Text&#8220; _builder_version=&#8220;3.0.51&#8243; background_layout=&#8220;light&#8220; text_orientation=&#8220;left&#8220; border_style=&#8220;solid&#8220; saved_tabs=&#8220;all&#8220;]<\/p>\n<h4><b>Sprachtrainer und<br \/>\nBusiness-Coach<br \/>\n<a href=\"http:\/\/www.adrianlonsdale.de\/wp-content\/uploads\/2017\/06\/AL_Headunderline.jpg\"><img loading=\"lazy\" decoding=\"async\" class=\"alignnone size-full wp-image-101\" src=\"http:\/\/www.adrianlonsdale.de\/wp-content\/uploads\/2017\/06\/AL_Headunderline.jpg\" alt=\"\" width=\"60\" height=\"3\" \/><\/a><br \/>\n<\/b><\/h4>\n<p>[\/et_pb_text][et_pb_text admin_label=&#8220;Text&#8220; _builder_version=&#8220;3.0.51&#8243; background_layout=&#8220;light&#8220; text_orientation=&#8220;left&#8220; border_style=&#8220;solid&#8220;]<\/p>\n<p><b>Ich komme urspr\u00fcnglich aus Manchester im Norden von England, wo ich aufgewachsen bin. Nach meinem Studium in England habe ich an der \u201eOxford Intensive School of English\u201c eine spezielle Ausbildung f\u00fcr Trainingskompetenz in Englisch absolviert, unter anderem mit einem Kurs f\u00fcr \u201eInterkulturelle Kommunikation im Gesch\u00e4ftsumfeld\u201c.\u00a0<\/b><\/p>\n<p>[\/et_pb_text][\/et_pb_column][\/et_pb_row][et_pb_row admin_label=&#8220;Zeile&#8220; background_position=&#8220;top_left&#8220; background_repeat=&#8220;repeat&#8220; background_size=&#8220;initial&#8220;][et_pb_column type=&#8220;1_2&#8243;][et_pb_text admin_label=&#8220;Text&#8220; _builder_version=&#8220;3.0.51&#8243; background_layout=&#8220;light&#8220; text_orientation=&#8220;left&#8220; border_style=&#8220;solid&#8220;]<\/p>\n<p>Durch meine langj\u00e4hrige Erfahrung mit Unternehmen aus verschiedensten Branchen, beschr\u00e4nkt sich meine Funktion aber nicht nur auf die eines Sprachlehrers. In schwierigen Kommunikationssituationen kann ich Leistungstr\u00e4gern als Business-Coach unterst\u00fctzend zur Seite stehen. Das hilft ihnen, ihre au\u00dferordentlichen gesch\u00e4ftlichen und sozialen Kompetenzen auch dann vollst\u00e4ndig umzusetzen, wenn sie sich auf internationalem Parkett bewegen und die Zielsprache Englisch ist.<\/p>\n<p>[\/et_pb_text][\/et_pb_column][et_pb_column type=&#8220;1_2&#8243;][et_pb_image admin_label=&#8220;Bild&#8220; _builder_version=&#8220;3.0.51&#8243; src=&#8220;http:\/\/www.adrianlonsdale.de\/wp-content\/uploads\/2017\/06\/Adrian-Lonsdale.jpg&#8220; show_in_lightbox=&#8220;off&#8220; url_new_window=&#8220;off&#8220; use_overlay=&#8220;off&#8220; sticky=&#8220;off&#8220; align=&#8220;left&#8220; always_center_on_mobile=&#8220;on&#8220; border_style=&#8220;solid&#8220; force_fullwidth=&#8220;off&#8220; animation=&#8220;off&#8220; \/][\/et_pb_column][\/et_pb_row][\/et_pb_section][et_pb_section bb_built=&#8220;1&#8243; admin_label=&#8220;Sektion&#8220; fullwidth=&#8220;off&#8220; specialty=&#8220;off&#8220; _builder_version=&#8220;3.0.51&#8243; background_color=&#8220;#f3f6f7&#8243;][et_pb_row admin_label=&#8220;Zeile&#8220; background_position=&#8220;top_left&#8220; background_repeat=&#8220;repeat&#8220; background_size=&#8220;initial&#8220;][et_pb_column type=&#8220;4_4&#8243;][et_pb_text admin_label=&#8220;Text&#8220; _builder_version=&#8220;3.0.51&#8243; background_layout=&#8220;light&#8220; text_orientation=&#8220;left&#8220; border_style=&#8220;solid&#8220; saved_tabs=&#8220;all&#8220; custom_margin=&#8220;||0px|&#8220; custom_padding=&#8220;||10px|&#8220;]<\/p>\n<h4><b>Kunden sagen<br \/>\n<a href=\"http:\/\/www.adrianlonsdale.de\/wp-content\/uploads\/2017\/06\/AL_Headunderline.jpg\"><img loading=\"lazy\" decoding=\"async\" class=\"alignnone size-full wp-image-101\" src=\"http:\/\/www.adrianlonsdale.de\/wp-content\/uploads\/2017\/06\/AL_Headunderline.jpg\" alt=\"\" width=\"60\" height=\"3\" \/><\/a><br \/>\n<\/b><\/h4>\n<p>[\/et_pb_text][et_pb_slider admin_label=&#8220;testimonial-slider&#8220; _builder_version=&#8220;3.0.51&#8243; show_arrows=&#8220;off&#8220; show_pagination=&#8220;on&#8220; parallax=&#8220;off&#8220; parallax_method=&#8220;off&#8220; remove_inner_shadow=&#8220;on&#8220; custom_button=&#8220;off&#8220; button_letter_spacing=&#8220;0&#8243; button_icon_placement=&#8220;right&#8220; button_letter_spacing_hover=&#8220;0&#8243; module_class=&#8220;testimonial-slider&#8220; auto=&#8220;on&#8220; auto_speed=&#8220;9000&#8243; auto_ignore_hover=&#8220;off&#8220; hide_content_on_mobile=&#8220;off&#8220; hide_cta_on_mobile=&#8220;off&#8220; show_image_video_mobile=&#8220;off&#8220; header_text_color=&#8220;#141414&#8243; body_text_color=&#8220;#161616&#8243; saved_tabs=&#8220;all&#8220;] [et_pb_slide background_color=&#8220;#f3f6f7&#8243; use_background_color_gradient=&#8220;off&#8220; background_color_gradient_start=&#8220;#2b87da&#8220; background_color_gradient_end=&#8220;#29c4a9&#8243; background_color_gradient_type=&#8220;linear&#8220; background_color_gradient_direction=&#8220;180deg&#8220; background_color_gradient_direction_radial=&#8220;center&#8220; background_color_gradient_start_position=&#8220;0{23019af1b5edab2b80ac0e31787ff1a1a054f935a34c31b6191226c742b43a6f}&#8220; background_color_gradient_end_position=&#8220;100{23019af1b5edab2b80ac0e31787ff1a1a054f935a34c31b6191226c742b43a6f}&#8220; parallax=&#8220;off&#8220; parallax_method=&#8220;off&#8220; background_position=&#8220;center&#8220; background_size=&#8220;cover&#8220; background_repeat=&#8220;no-repeat&#8220; background_blend=&#8220;normal&#8220; allow_player_pause=&#8220;off&#8220; use_bg_overlay=&#8220;off&#8220; use_text_overlay=&#8220;off&#8220; text_border_radius=&#8220;3&#8243; alignment=&#8220;center&#8220; background_layout=&#8220;light&#8220; header_font_select=&#8220;default&#8220; header_font=&#8220;||||&#8220; body_font_select=&#8220;default&#8220; body_font=&#8220;||||&#8220; custom_button=&#8220;off&#8220; button_font_select=&#8220;default&#8220; button_font=&#8220;||||&#8220; button_use_icon=&#8220;default&#8220; button_icon_placement=&#8220;right&#8220; button_on_hover=&#8220;on&#8220; header_text_color=&#8220;#004187&#8243; arrows_custom_color=&#8220;#dd052a&#8220;]<\/p>\n<p style=\"text-align: left; color: #000;\"><em><span style=\"color: #000000;\">Klare Ziele, praxisnaher und individueller Unterricht &#8211; Adrians Konzept sowie seine sympathische und professionelle Art haben bei mir\u00a0bereits nach kurzer Zeit zu mehr Sicherheit und Kompetenz in der englischsprachigen Kommunikation gef\u00fchrt.<\/span><\/em><\/p>\n<p style=\"text-align: left; color: #000;\"><strong>Nicolai S. &#8211; PR consultant<\/strong><\/p>\n<p>[\/et_pb_slide][et_pb_slide background_color=&#8220;#f3f6f7&#8243; use_background_color_gradient=&#8220;off&#8220; background_color_gradient_start=&#8220;#2b87da&#8220; background_color_gradient_end=&#8220;#29c4a9&#8243; background_color_gradient_type=&#8220;linear&#8220; background_color_gradient_direction=&#8220;180deg&#8220; background_color_gradient_direction_radial=&#8220;center&#8220; background_color_gradient_start_position=&#8220;0{23019af1b5edab2b80ac0e31787ff1a1a054f935a34c31b6191226c742b43a6f}&#8220; background_color_gradient_end_position=&#8220;100{23019af1b5edab2b80ac0e31787ff1a1a054f935a34c31b6191226c742b43a6f}&#8220; parallax=&#8220;off&#8220; parallax_method=&#8220;off&#8220; background_position=&#8220;center&#8220; background_size=&#8220;cover&#8220; background_repeat=&#8220;no-repeat&#8220; background_blend=&#8220;normal&#8220; allow_player_pause=&#8220;off&#8220; use_bg_overlay=&#8220;off&#8220; use_text_overlay=&#8220;off&#8220; text_border_radius=&#8220;3&#8243; alignment=&#8220;center&#8220; background_layout=&#8220;light&#8220; header_font_select=&#8220;default&#8220; header_font=&#8220;||||&#8220; body_font_select=&#8220;default&#8220; body_font=&#8220;||||&#8220; custom_button=&#8220;off&#8220; button_font_select=&#8220;default&#8220; button_font=&#8220;||||&#8220; button_use_icon=&#8220;default&#8220; button_icon_placement=&#8220;right&#8220; button_on_hover=&#8220;on&#8220; header_text_color=&#8220;#004187&#8243; arrows_custom_color=&#8220;#dd052a&#8220;]<\/p>\n<p style=\"text-align: left; color: #000;\"><em><span style=\"color: #000000;\">Durch seine hohe Kompetenz sowie die angenehme Zusammenarbeit mit Herrn Lonsdale kann ich sein Trainingskonzept\/Dienstleistung\u00a0uneingeschr\u00e4nkt und jeder Zeit weiter empfehlen.<\/span><\/em><\/p>\n<p style=\"text-align: left; color: #000;\"><strong>Manuela Ensinger &#8211; Finance and Contract Manager GOPA Consultants<\/strong><\/p>\n<p>[\/et_pb_slide][et_pb_slide background_color=&#8220;#f3f6f7&#8243; use_background_color_gradient=&#8220;off&#8220; background_color_gradient_start=&#8220;#2b87da&#8220; background_color_gradient_end=&#8220;#29c4a9&#8243; background_color_gradient_type=&#8220;linear&#8220; background_color_gradient_direction=&#8220;180deg&#8220; background_color_gradient_direction_radial=&#8220;center&#8220; background_color_gradient_start_position=&#8220;0{23019af1b5edab2b80ac0e31787ff1a1a054f935a34c31b6191226c742b43a6f}&#8220; background_color_gradient_end_position=&#8220;100{23019af1b5edab2b80ac0e31787ff1a1a054f935a34c31b6191226c742b43a6f}&#8220; parallax=&#8220;off&#8220; parallax_method=&#8220;off&#8220; background_position=&#8220;center&#8220; background_size=&#8220;cover&#8220; background_repeat=&#8220;no-repeat&#8220; background_blend=&#8220;normal&#8220; allow_player_pause=&#8220;off&#8220; use_bg_overlay=&#8220;off&#8220; use_text_overlay=&#8220;off&#8220; text_border_radius=&#8220;3&#8243; alignment=&#8220;center&#8220; background_layout=&#8220;light&#8220; header_font_select=&#8220;default&#8220; header_font=&#8220;||||&#8220; body_font_select=&#8220;default&#8220; body_font=&#8220;||||&#8220; custom_button=&#8220;off&#8220; button_font_select=&#8220;default&#8220; button_font=&#8220;||||&#8220; button_use_icon=&#8220;default&#8220; button_icon_placement=&#8220;right&#8220; button_on_hover=&#8220;on&#8220; header_text_color=&#8220;#004187&#8243; arrows_custom_color=&#8220;#dd052a&#8220;]<\/p>\n<p style=\"text-align: left; color: #000;\"><em><span style=\"color: #000000;\">Ich habe nach einer professionellen L\u00f6sung gesucht, die mich beruflich und\u00a0privat weiterbringt und zudem noch Spa\u00df macht.\u00a0Mit Herrn\u00a0Adrian Lonsdale\u00a0habe ich einen\u00a0Business English Trainer\u00a0engagiert, der es versteht beides zu kombinieren und mit speziellen\u00a0Individual-L\u00f6sungen f\u00fcr den entsprechenden Erfolg sorgt.<br class=\"\" \/>Danke!<\/span><\/em><\/p>\n<p style=\"text-align: left; color: #000;\"><strong>Peter Grundh\u00f6fer &#8211; Gesch\u00e4ftsf\u00fchrer Grundh\u00f6fer GmbH<\/strong><\/p>\n<p>[\/et_pb_slide][et_pb_slide background_color=&#8220;#f3f6f7&#8243; use_background_color_gradient=&#8220;off&#8220; background_color_gradient_start=&#8220;#2b87da&#8220; background_color_gradient_end=&#8220;#29c4a9&#8243; background_color_gradient_type=&#8220;linear&#8220; background_color_gradient_direction=&#8220;180deg&#8220; background_color_gradient_direction_radial=&#8220;center&#8220; background_color_gradient_start_position=&#8220;0{23019af1b5edab2b80ac0e31787ff1a1a054f935a34c31b6191226c742b43a6f}&#8220; background_color_gradient_end_position=&#8220;100{23019af1b5edab2b80ac0e31787ff1a1a054f935a34c31b6191226c742b43a6f}&#8220; parallax=&#8220;off&#8220; parallax_method=&#8220;off&#8220; background_position=&#8220;center&#8220; background_size=&#8220;cover&#8220; background_repeat=&#8220;no-repeat&#8220; background_blend=&#8220;normal&#8220; allow_player_pause=&#8220;off&#8220; use_bg_overlay=&#8220;off&#8220; use_text_overlay=&#8220;off&#8220; text_border_radius=&#8220;3&#8243; alignment=&#8220;center&#8220; background_layout=&#8220;light&#8220; header_font_select=&#8220;default&#8220; header_font=&#8220;||||&#8220; body_font_select=&#8220;default&#8220; body_font=&#8220;||||&#8220; custom_button=&#8220;off&#8220; button_font_select=&#8220;default&#8220; button_font=&#8220;||||&#8220; button_use_icon=&#8220;default&#8220; button_icon_placement=&#8220;right&#8220; button_on_hover=&#8220;on&#8220; header_text_color=&#8220;#004187&#8243; arrows_custom_color=&#8220;#dd052a&#8220;]<\/p>\n<p style=\"text-align: left; color: #000;\"><em><span style=\"color: #000000;\">Wir m\u00f6chten uns nochmals f\u00fcr die hervorragende Zusammenarbeit bedanken. Sie war in jeder Hinsicht\u00a0optimal durch Ihr ausgewogenes Unterrichtskonzept, verbunden mit der Flexibilit\u00e4t, den Arbeitsrhythmus\u00a0nicht zu beeinflussen.<\/span><\/em><\/p>\n<p style=\"text-align: left; color: #000;\"><strong>Gerhard Kamper &#8211; Gesch\u00e4ftsf\u00fchrung\u00a0De CODEtron Archiv-Service GmbH<\/strong><\/p>\n<p>[\/et_pb_slide][et_pb_slide background_color=&#8220;#f3f6f7&#8243; use_background_color_gradient=&#8220;off&#8220; background_color_gradient_start=&#8220;#2b87da&#8220; background_color_gradient_end=&#8220;#29c4a9&#8243; background_color_gradient_type=&#8220;linear&#8220; background_color_gradient_direction=&#8220;180deg&#8220; background_color_gradient_direction_radial=&#8220;center&#8220; background_color_gradient_start_position=&#8220;0{23019af1b5edab2b80ac0e31787ff1a1a054f935a34c31b6191226c742b43a6f}&#8220; background_color_gradient_end_position=&#8220;100{23019af1b5edab2b80ac0e31787ff1a1a054f935a34c31b6191226c742b43a6f}&#8220; parallax=&#8220;off&#8220; parallax_method=&#8220;off&#8220; background_position=&#8220;center&#8220; background_size=&#8220;cover&#8220; background_repeat=&#8220;no-repeat&#8220; background_blend=&#8220;normal&#8220; allow_player_pause=&#8220;off&#8220; use_bg_overlay=&#8220;off&#8220; use_text_overlay=&#8220;off&#8220; text_border_radius=&#8220;3&#8243; alignment=&#8220;center&#8220; background_layout=&#8220;light&#8220; header_font_select=&#8220;default&#8220; header_font=&#8220;||||&#8220; body_font_select=&#8220;default&#8220; body_font=&#8220;||||&#8220; custom_button=&#8220;off&#8220; button_font_select=&#8220;default&#8220; button_font=&#8220;||||&#8220; button_use_icon=&#8220;default&#8220; button_icon_placement=&#8220;right&#8220; button_on_hover=&#8220;on&#8220; header_text_color=&#8220;#004187&#8243; arrows_custom_color=&#8220;#dd052a&#8220;]<\/p>\n<p style=\"text-align: left; color: #000;\"><em><span style=\"color: #000000;\">It was extremely helpful and supportive&#8230;I can highly recommend your English training and I trust\u00a0everybody who attends will testify to this as well.<\/span><\/em><\/p>\n<p style=\"text-align: left; color: #000;\"><strong>Raphael Rehbronn &#8211; Asset Manager<\/strong><\/p>\n<p>[\/et_pb_slide] [\/et_pb_slider][\/et_pb_column][\/et_pb_row][\/et_pb_section][et_pb_section bb_built=&#8220;1&#8243; admin_label=&#8220;Sektion&#8220; fullwidth=&#8220;off&#8220; specialty=&#8220;off&#8220;][et_pb_row admin_label=&#8220;Zeile&#8220; background_position=&#8220;top_left&#8220; background_repeat=&#8220;repeat&#8220; background_size=&#8220;initial&#8220; _builder_version=&#8220;3.0.51&#8243; background_position_1=&#8220;top_left&#8220; background_repeat_1=&#8220;no-repeat&#8220; background_position_2=&#8220;top_left&#8220; background_repeat_2=&#8220;no-repeat&#8220; background_position_3=&#8220;top_left&#8220; background_repeat_3=&#8220;no-repeat&#8220;][et_pb_column type=&#8220;1_3&#8243;][et_pb_text admin_label=&#8220;Text&#8220; _builder_version=&#8220;3.0.51&#8243; background_layout=&#8220;light&#8220; text_orientation=&#8220;left&#8220; border_style=&#8220;solid&#8220;]<\/p>\n<p><strong>Beratung, Coaching<\/strong><\/p>\n<ul>\n<li>GOPA Consulting Group<\/li>\n<li>Rodeco Consulting<\/li>\n<li>Alexander Hughes Executive<br \/>\nSearch Consultants<\/li>\n<li>NetCo Consulting<\/li>\n<li>EPOS health care consulting services<\/li>\n<li>Perspective Coaching<\/li>\n<\/ul>\n<p><b>Werbung, Kommunikation<\/b><\/p>\n<ul>\n<li>Haas &amp; Health Partner Public<\/li>\n<li>Relations<\/li>\n<li>SanCom Creative Communication Solutions<\/li>\n<li>D\u00f6bele Werbeagentur<\/li>\n<\/ul>\n<p><strong>Pharmazie, Gesundheit, Medizintechnik<\/strong><\/p>\n<ul>\n<li>Fresenius Medical Care*<\/li>\n<li>R\u00f6hm*<\/li>\n<li>Hospitalia International*<\/li>\n<li>Heraeus Medical<\/li>\n<li>AVL Medizintechnik<\/li>\n<\/ul>\n<p>[\/et_pb_text][\/et_pb_column][et_pb_column type=&#8220;1_3&#8243;][et_pb_text admin_label=&#8220;Text&#8220; _builder_version=&#8220;3.0.51&#8243; background_layout=&#8220;light&#8220; text_orientation=&#8220;left&#8220; border_style=&#8220;solid&#8220;]<\/p>\n<p><strong>Informationstechnik<\/strong><\/p>\n<ul>\n<li>Hewlett Packard*<\/li>\n<li>AT&amp;T*<\/li>\n<li>GOPA IT services<\/li>\n<li>com2 IT business solutions<\/li>\n<li>Decodetron Archivsystem<\/li>\n<\/ul>\n<p><b>Finanzdienstleistung, Leasing<\/b><\/p>\n<ul>\n<li>Deutsche Leasing*<\/li>\n<li>Basler Versicherung*<\/li>\n<li>JP Morgan<\/li>\n<\/ul>\n<p><b>Produzierendes und verarbeitendes Gewerbe<\/b><\/p>\n<ul>\n<li>Bridgestone Firestone*<\/li>\n<li>Landis &amp; Gyr*<\/li>\n<li>Monier Braas<\/li>\n<li>Fuji Hunt Photographic Chemicals<\/li>\n<li>Colortronic*<\/li>\n<li>United Air Specialists<\/li>\n<li>Repro Elektronik<\/li>\n<li>AGT-PSG<\/li>\n<li>Transor Filter<\/li>\n<li>GKK K\u00e4lte- und Klimatechnik<\/li>\n<li>Gail Ceramics International<\/li>\n<li>ETF International<\/li>\n<\/ul>\n<p>[\/et_pb_text][\/et_pb_column][et_pb_column type=&#8220;1_3&#8243;][et_pb_text admin_label=&#8220;Text&#8220; _builder_version=&#8220;3.0.51&#8243; background_layout=&#8220;light&#8220; text_orientation=&#8220;left&#8220; border_style=&#8220;solid&#8220;]<\/p>\n<p><b>Maschinenbau<\/b><\/p>\n<ul>\n<li>Du Pont*<\/li>\n<li>LI-COR Biosciences<\/li>\n<\/ul>\n<p><b>Weitere<\/b><\/p>\n<ul>\n<li>Milupa*<\/li>\n<li>Beiersdorf*<\/li>\n<li>Adam Hall event technology<\/li>\n<li>Grundh\u00f6fer Obst und<br \/>\nGem\u00fcse Handel<\/li>\n<\/ul>\n<p>[\/et_pb_text][\/et_pb_column][\/et_pb_row][et_pb_row admin_label=&#8220;Zeile&#8220; _builder_version=&#8220;3.0.51&#8243; background_position_1=&#8220;top_left&#8220; background_repeat_1=&#8220;no-repeat&#8220; custom_padding=&#8220;10px|||&#8220;][et_pb_column type=&#8220;4_4&#8243;][et_pb_text admin_label=&#8220;Text&#8220; _builder_version=&#8220;3.0.51&#8243; background_layout=&#8220;light&#8220; text_orientation=&#8220;left&#8220; border_style=&#8220;solid&#8220;]<\/p>\n<p><span style=\"font-size: 10pt;\">*im Auftrag einer \u00f6rtlichen Fremdsprachenschule<\/span><\/p>\n<p>[\/et_pb_text][\/et_pb_column][\/et_pb_row][\/et_pb_section]<\/p>\n","protected":false},"excerpt":{"rendered":"<p>Adrian Lonsdale &#8211; Independent Business English Trainer Sprachtrainer und Business-Coach Ich komme urspr\u00fcnglich aus Manchester im Norden von England, wo ich aufgewachsen bin. Nach meinem Studium in England habe ich an der \u201eOxford Intensive School of English\u201c eine spezielle Ausbildung f\u00fcr Trainingskompetenz in Englisch absolviert, unter anderem mit einem Kurs f\u00fcr \u201eInterkulturelle Kommunikation im Gesch\u00e4ftsumfeld\u201c.\u00a0 [&hellip;]<\/p>\n","protected":false},"author":1,"featured_media":0,"parent":0,"menu_order":0,"comment_status":"closed","ping_status":"closed","template":"","meta":{"_et_pb_use_builder":"on","_et_pb_old_content":"","_et_gb_content_width":"","footnotes":""},"class_list":["post-157","page","type-page","status-publish","hentry"],"_links":{"self":[{"href":"https:\/\/adrianlonsdale.de\/index.php?rest_route=\/wp\/v2\/pages\/157","targetHints":{"allow":["GET"]}}],"collection":[{"href":"https:\/\/adrianlonsdale.de\/index.php?rest_route=\/wp\/v2\/pages"}],"about":[{"href":"https:\/\/adrianlonsdale.de\/index.php?rest_route=\/wp\/v2\/types\/page"}],"author":[{"embeddable":true,"href":"https:\/\/adrianlonsdale.de\/index.php?rest_route=\/wp\/v2\/users\/1"}],"replies":[{"embeddable":true,"href":"https:\/\/adrianlonsdale.de\/index.php?rest_route=%2Fwp%2Fv2%2Fcomments&post=157"}],"version-history":[{"count":33,"href":"https:\/\/adrianlonsdale.de\/index.php?rest_route=\/wp\/v2\/pages\/157\/revisions"}],"predecessor-version":[{"id":363,"href":"https:\/\/adrianlonsdale.de\/index.php?rest_route=\/wp\/v2\/pages\/157\/revisions\/363"}],"wp:attachment":[{"href":"https:\/\/adrianlonsdale.de\/index.php?rest_route=%2Fwp%2Fv2%2Fmedia&parent=157"}],"curies":[{"name":"wp","href":"https:\/\/api.w.org\/{rel}","templated":true}]}}