{"id":81,"date":"2017-06-27T14:29:40","date_gmt":"2017-06-27T12:29:40","guid":{"rendered":"http:\/\/www.adrianlonsdale.de\/?page_id=81"},"modified":"2025-07-01T16:25:34","modified_gmt":"2025-07-01T14:25:34","slug":"home","status":"publish","type":"page","link":"https:\/\/adrianlonsdale.de\/","title":{"rendered":"Home"},"content":{"rendered":"<p>[et_pb_section bb_built=&#8220;1&#8243; admin_label=&#8220;Sektion&#8220; fullwidth=&#8220;off&#8220; specialty=&#8220;off&#8220; _builder_version=&#8220;3.0.51&#8243; background_color=&#8220;#dd052a&#8220; custom_padding=&#8220;0px||0px|&#8220; disabled=&#8220;off&#8220; disabled_on=&#8220;||on&#8220; global_module=&#8220;350&#8243;][et_pb_row admin_label=&#8220;Zeile&#8220; global_parent=&#8220;350&#8243; background_position=&#8220;top_left&#8220; background_repeat=&#8220;repeat&#8220; background_size=&#8220;initial&#8220;][et_pb_column type=&#8220;4_4&#8243;][et_pb_text admin_label=&#8220;Text&#8220; global_parent=&#8220;350&#8243; _builder_version=&#8220;3.0.51&#8243; background_layout=&#8220;light&#8220; text_orientation=&#8220;left&#8220; border_style=&#8220;solid&#8220;]<\/p>\n<h6 style=\"text-align: center;\">Adrian Lonsdale &#8211; Independent Business English Trainer<\/h6>\n<p>[\/et_pb_text][\/et_pb_column][\/et_pb_row][\/et_pb_section][et_pb_section bb_built=&#8220;1&#8243; admin_label=&#8220;Sektion&#8220; fullwidth=&#8220;on&#8220; specialty=&#8220;off&#8220; _builder_version=&#8220;3.0.51&#8243; custom_padding=&#8220;0px||0px|&#8220;][et_pb_fullwidth_slider admin_label=&#8220;Vollbreiter Slider&#8220; _builder_version=&#8220;3.0.51&#8243; show_arrows=&#8220;on&#8220; show_pagination=&#8220;on&#8220; parallax=&#8220;off&#8220; parallax_method=&#8220;off&#8220; remove_inner_shadow=&#8220;off&#8220; custom_button=&#8220;off&#8220; button_letter_spacing=&#8220;0&#8243; button_icon_placement=&#8220;right&#8220; button_letter_spacing_hover=&#8220;0&#8243; auto=&#8220;off&#8220; auto_ignore_hover=&#8220;off&#8220; hide_content_on_mobile=&#8220;off&#8220; hide_cta_on_mobile=&#8220;off&#8220; show_image_video_mobile=&#8220;off&#8220;] [et_pb_slide heading=&#8220;Wer \u00fcberzeugen will, muss erst einmal verstanden werden.&#8220; background_color=&#8220;#ffffff&#8220; use_background_color_gradient=&#8220;off&#8220; background_color_gradient_start=&#8220;#2b87da&#8220; background_color_gradient_end=&#8220;#29c4a9&#8243; background_color_gradient_type=&#8220;linear&#8220; background_color_gradient_direction=&#8220;180deg&#8220; background_color_gradient_direction_radial=&#8220;center&#8220; background_color_gradient_start_position=&#8220;0{23019af1b5edab2b80ac0e31787ff1a1a054f935a34c31b6191226c742b43a6f}&#8220; background_color_gradient_end_position=&#8220;100{23019af1b5edab2b80ac0e31787ff1a1a054f935a34c31b6191226c742b43a6f}&#8220; background_image=&#8220;http:\/\/www.adrianlonsdale.de\/wp-content\/uploads\/2017\/06\/AL_slider_neu01_a.jpg&#8220; parallax=&#8220;off&#8220; parallax_method=&#8220;off&#8220; background_position=&#8220;center&#8220; background_size=&#8220;cover&#8220; background_repeat=&#8220;no-repeat&#8220; background_blend=&#8220;normal&#8220; allow_player_pause=&#8220;off&#8220; use_bg_overlay=&#8220;off&#8220; use_text_overlay=&#8220;on&#8220; text_border_radius=&#8220;0&#8243; alignment=&#8220;center&#8220; background_layout=&#8220;dark&#8220; header_font_select=&#8220;default&#8220; header_font=&#8220;||||&#8220; body_font_select=&#8220;default&#8220; body_font=&#8220;||||&#8220; custom_button=&#8220;off&#8220; button_font_select=&#8220;default&#8220; button_font=&#8220;||||&#8220; button_use_icon=&#8220;default&#8220; button_icon_placement=&#8220;right&#8220; button_on_hover=&#8220;on&#8220; text_overlay_color=&#8220;rgba(226,0,18,0.88)&#8220; arrows_custom_color=&#8220;#dd052a&#8220; \/] [\/et_pb_fullwidth_slider][\/et_pb_section][et_pb_section bb_built=&#8220;1&#8243; admin_label=&#8220;section&#8220;][et_pb_row admin_label=&#8220;row&#8220; background_position=&#8220;top_left&#8220; background_repeat=&#8220;repeat&#8220; background_size=&#8220;initial&#8220;][et_pb_column type=&#8220;4_4&#8243;][et_pb_text admin_label=&#8220;Text&#8220; _builder_version=&#8220;3.0.51&#8243; background_layout=&#8220;light&#8220; text_orientation=&#8220;left&#8220; border_style=&#8220;solid&#8220;]<\/p>\n<h3><b>Nat\u00fcrlich k\u00f6nnen Sie gut Englisch und setzen es beruflich ein: in pers\u00f6nlichen Gespr\u00e4chen, bei Verhandlungen, im internationalen E-Mail-Verkehr mit Kunden, Lieferanten, Beh\u00f6rden und allen Arten von Stakeholdern.<\/b><\/h3>\n<p>[\/et_pb_text][\/et_pb_column][\/et_pb_row][et_pb_row admin_label=&#8220;Zeile&#8220; background_position=&#8220;top_left&#8220; background_repeat=&#8220;repeat&#8220; background_size=&#8220;initial&#8220;][et_pb_column type=&#8220;1_2&#8243;][et_pb_text admin_label=&#8220;Text&#8220; _builder_version=&#8220;3.0.51&#8243; background_layout=&#8220;light&#8220; text_orientation=&#8220;left&#8220; border_style=&#8220;solid&#8220;]<\/p>\n<p>Sie m\u00f6chten aber noch sicherer werden, um in allen Situationen ihr bestes Englisch abrufen zu k\u00f6nnen. Sie legen auch Wert darauf, alle Nuancen und Feinheiten der englischen Sprache aktiv zu nutzen, um z.\u2009B. mit ihren internationalen Gesch\u00e4fts- und Verhandlungspartnern klar verst\u00e4ndlich auf Augenh\u00f6he zu kommunizieren.<\/p>\n<p>[\/et_pb_text][\/et_pb_column][et_pb_column type=&#8220;1_2&#8243;][et_pb_text admin_label=&#8220;Text&#8220; _builder_version=&#8220;3.0.51&#8243; background_layout=&#8220;light&#8220; text_orientation=&#8220;left&#8220; border_style=&#8220;solid&#8220;]<\/p>\n<p>Als Native Speaker habe ich langj\u00e4hrige Erfahrung im Training von Fach- und F\u00fchrungskr\u00e4ften und kann Ihnen helfen, Ihre Ziele zu erreichen. Am besten gelingt dies mit einem regelm\u00e4\u00dfigen, w\u00f6chentlichen Training, das ich \u00adIhren individuellen W\u00fcnschen und Bed\u00fcrfnissen anpasse. Damit Erh\u00f6hen Sie die Chance, Ihre exzellenten fachlichen und kommunikativen F\u00e4higkeiten auch sprachlich voll und ganz zur Geltung bringen. \u00ad<\/p>\n<p><b>F\u00fcr mehr Erfolg in Ihrem Business.<\/b><\/p>\n<p>[\/et_pb_text][\/et_pb_column][\/et_pb_row][\/et_pb_section][et_pb_section bb_built=&#8220;1&#8243; admin_label=&#8220;Sektion&#8220; fullwidth=&#8220;off&#8220; specialty=&#8220;off&#8220; _builder_version=&#8220;3.0.51&#8243; background_color=&#8220;#f3f6f7&#8243;][et_pb_row admin_label=&#8220;Zeile&#8220; background_position=&#8220;top_left&#8220; background_repeat=&#8220;repeat&#8220; background_size=&#8220;initial&#8220;][et_pb_column type=&#8220;4_4&#8243;][et_pb_text admin_label=&#8220;Text&#8220; _builder_version=&#8220;3.0.51&#8243; background_layout=&#8220;light&#8220; text_orientation=&#8220;left&#8220; border_style=&#8220;solid&#8220; saved_tabs=&#8220;all&#8220;]<\/p>\n<h4><b>Erfahrungen und<br \/>\nKompetenzen<br \/>\n<a href=\"http:\/\/www.adrianlonsdale.de\/wp-content\/uploads\/2017\/06\/AL_Headunderline.jpg\"><img loading=\"lazy\" decoding=\"async\" class=\"alignnone size-full wp-image-101\" src=\"http:\/\/www.adrianlonsdale.de\/wp-content\/uploads\/2017\/06\/AL_Headunderline.jpg\" alt=\"\" width=\"60\" height=\"3\" \/><\/a><br \/>\n<\/b><\/h4>\n<p>[\/et_pb_text][\/et_pb_column][\/et_pb_row][et_pb_row admin_label=&#8220;Zeile&#8220; background_position=&#8220;top_left&#8220; background_repeat=&#8220;repeat&#8220; background_size=&#8220;initial&#8220; _builder_version=&#8220;3.0.51&#8243; background_position_1=&#8220;top_left&#8220; background_repeat_1=&#8220;no-repeat&#8220; background_position_2=&#8220;top_left&#8220; background_repeat_2=&#8220;no-repeat&#8220; background_position_3=&#8220;top_left&#8220; background_repeat_3=&#8220;no-repeat&#8220; custom_css_main_element=&#8220;p {padding-bottom: 0 !important;}&#8220;][et_pb_column type=&#8220;1_3&#8243;][et_pb_text admin_label=&#8220;Text&#8220; _builder_version=&#8220;3.0.51&#8243; background_layout=&#8220;light&#8220; text_orientation=&#8220;left&#8220; border_style=&#8220;solid&#8220; custom_css_main_element=&#8220;p {padding-bottom: 0 !important;}&#8220;]<\/p>\n<p><b>Business English Training<\/b><\/p>\n<ul>\n<li>Pr\u00e4sentationen<\/li>\n<li>Meetings<\/li>\n<li>Telefonkonferenzen<\/li>\n<li>Verhandlungen<\/li>\n<li>Schriftliche Kommunikation (E-Mails etc.)<\/li>\n<li>Internationale Messen<\/li>\n<li>Reisen ins Ausland<\/li>\n<li>Small Talk<\/li>\n<\/ul>\n<p><b>Zusatzservice<\/b><\/p>\n<ul>\n<li>Korrekturlesen und Verbesserung von Anschreiben, E-Mails und Kurztexten<\/li>\n<\/ul>\n<p>[\/et_pb_text][\/et_pb_column][et_pb_column type=&#8220;1_3&#8243;][et_pb_text admin_label=&#8220;Text&#8220; _builder_version=&#8220;3.0.51&#8243; background_layout=&#8220;light&#8220; text_orientation=&#8220;left&#8220; border_style=&#8220;solid&#8220; custom_css_main_element=&#8220;p {padding-bottom: 0 !important;}&#8220;]<\/p>\n<p><strong>Zielgruppen<\/strong><\/p>\n<ul>\n<li>Gesch\u00e4ftsf\u00fchrer \/ Manager<\/li>\n<li>Teamleiter und Projekt\u00admanager<\/li>\n<li>Personalvermittler<\/li>\n<li>Freie Berater<\/li>\n<li>Fachkr\u00e4fte (z.B. IT-Spezialisten, Ingenieure, Designer)<\/li>\n<\/ul>\n<p><strong>Unternehmen<\/strong><\/p>\n<ul>\n<li>Mittelst\u00e4ndische Unternehmen (Industrie, Dienstleistung, Handel)<\/li>\n<li>Unternehmens\u00adberatungen<\/li>\n<li>Agenturen (Werbe- und PR-Agenturen)<\/li>\n<li>Freiberufler (IT-Spezialisten, Ingenieure)<\/li>\n<\/ul>\n<p>[\/et_pb_text][\/et_pb_column][et_pb_column type=&#8220;1_3&#8243;][et_pb_text admin_label=&#8220;Text&#8220; _builder_version=&#8220;3.0.51&#8243; background_layout=&#8220;light&#8220; text_orientation=&#8220;left&#8220; border_style=&#8220;solid&#8220; custom_css_main_element=&#8220;p {padding-bottom: 0 !important;}&#8220;]<\/p>\n<p><strong>Branchen<\/strong><\/p>\n<ul>\n<li>Immobilien-Management<\/li>\n<li>Finanzdienstleistungen<\/li>\n<li>Healthcare PR<\/li>\n<li>Pharmazie und Medizin\u00adtechnik<\/li>\n<li>Trink- und Abwassertechnologie<\/li>\n<li>Technische Hilfsprojekte in Entwicklungs- und Schwellenl\u00e4ndern<\/li>\n<li>Obst- und Gem\u00fcsegro\u00dfhandel<\/li>\n<li>Leasing und Vermietung<\/li>\n<li>Informationstechnik<\/li>\n<\/ul>\n<p>[\/et_pb_text][\/et_pb_column][\/et_pb_row][et_pb_row admin_label=&#8220;Zeile&#8220; background_position=&#8220;top_left&#8220; background_repeat=&#8220;repeat&#8220; background_size=&#8220;initial&#8220;][et_pb_column type=&#8220;4_4&#8243;][et_pb_button admin_label=&#8220;Taste&#8220; _builder_version=&#8220;3.0.51&#8243; button_text=&#8220;MEHR ERFAHREN&#8220; url_new_window=&#8220;off&#8220; button_alignment=&#8220;center&#8220; background_layout=&#8220;light&#8220; custom_button=&#8220;on&#8220; button_letter_spacing=&#8220;0&#8243; button_icon_placement=&#8220;right&#8220; button_letter_spacing_hover=&#8220;0&#8243; button_text_color=&#8220;#ffffff&#8220; button_bg_color=&#8220;#004187&#8243; button_border_width=&#8220;0&#8243; button_border_radius=&#8220;0&#8243; button_use_icon=&#8220;off&#8220; button_bg_color_hover=&#8220;#dd052a&#8220; button_border_color_hover=&#8220;#ffffff&#8220; button_text_size=&#8220;18&#8243; saved_tabs=&#8220;all&#8220; button_url=&#8220;?page_id=134&#8243; \/][\/et_pb_column][\/et_pb_row][\/et_pb_section]<\/p>\n","protected":false},"excerpt":{"rendered":"<p>Adrian Lonsdale &#8211; Independent Business English Trainer Nat\u00fcrlich k\u00f6nnen Sie gut Englisch und setzen es beruflich ein: in pers\u00f6nlichen Gespr\u00e4chen, bei Verhandlungen, im internationalen E-Mail-Verkehr mit Kunden, Lieferanten, Beh\u00f6rden und allen Arten von Stakeholdern. Sie m\u00f6chten aber noch sicherer werden, um in allen Situationen ihr bestes Englisch abrufen zu k\u00f6nnen. Sie legen auch Wert darauf, [&hellip;]<\/p>\n","protected":false},"author":1,"featured_media":0,"parent":0,"menu_order":0,"comment_status":"closed","ping_status":"closed","template":"","meta":{"_et_pb_use_builder":"on","_et_pb_old_content":"","_et_gb_content_width":"","footnotes":""},"class_list":["post-81","page","type-page","status-publish","hentry"],"_links":{"self":[{"href":"https:\/\/adrianlonsdale.de\/index.php?rest_route=\/wp\/v2\/pages\/81","targetHints":{"allow":["GET"]}}],"collection":[{"href":"https:\/\/adrianlonsdale.de\/index.php?rest_route=\/wp\/v2\/pages"}],"about":[{"href":"https:\/\/adrianlonsdale.de\/index.php?rest_route=\/wp\/v2\/types\/page"}],"author":[{"embeddable":true,"href":"https:\/\/adrianlonsdale.de\/index.php?rest_route=\/wp\/v2\/users\/1"}],"replies":[{"embeddable":true,"href":"https:\/\/adrianlonsdale.de\/index.php?rest_route=%2Fwp%2Fv2%2Fcomments&post=81"}],"version-history":[{"count":62,"href":"https:\/\/adrianlonsdale.de\/index.php?rest_route=\/wp\/v2\/pages\/81\/revisions"}],"predecessor-version":[{"id":370,"href":"https:\/\/adrianlonsdale.de\/index.php?rest_route=\/wp\/v2\/pages\/81\/revisions\/370"}],"wp:attachment":[{"href":"https:\/\/adrianlonsdale.de\/index.php?rest_route=%2Fwp%2Fv2%2Fmedia&parent=81"}],"curies":[{"name":"wp","href":"https:\/\/api.w.org\/{rel}","templated":true}]}}